{"id":388,"date":"2026-01-26T19:45:00","date_gmt":"2026-01-26T19:45:00","guid":{"rendered":"https:\/\/franciscojaviercarceles.fpcei.eu\/?post_type=product&#038;p=388"},"modified":"2026-01-27T09:53:59","modified_gmt":"2026-01-27T09:53:59","slug":"fondo-de-pantalla-gamerhub","status":"publish","type":"product","link":"https:\/\/franciscojaviercarceles.fpcei.eu\/?product=fondo-de-pantalla-gamerhub","title":{"rendered":"Fondo de pantalla GamerHub (IVA 0%)"},"content":{"rendered":"<p data-start=\"229\" data-end=\"517\">Fondo de pantalla GamerHub PARA PC gamer dise\u00f1ado para gamers que buscan una est\u00e9tica potente, moderna y con identidad propia. Cada dise\u00f1o combina una atm\u00f3sfera gaming avanzada con una paleta de colores en degradado rojo y azul, representando energ\u00eda, precisi\u00f3n y competitividad.<\/p>\n<p data-start=\"519\" data-end=\"900\">Este wallpaper destacan por su alto nivel de detall<strong>e<\/strong>, efectos visuales trabajados y una composici\u00f3n equilibrada que realza cualquier escritorio sin resultar invasiva.<\/p>\n","protected":false},"excerpt":{"rendered":"<p>Fondo de pantalla gaming exclusivo de GamerHub, con dise\u00f1o profesional en degradado rojo y azul. Alta calidad, estilo moderno y marca de agua integrada hasta el momento de la compra para garantizar autenticidad y exclusividad. Descarga digital inmediata.<\/p>\n","protected":false},"featured_media":389,"comment_status":"open","ping_status":"closed","template":"","meta":{"site-sidebar-layout":"default","site-content-layout":"","ast-site-content-layout":"default","site-content-style":"default","site-sidebar-style":"default","ast-global-header-display":"","ast-banner-title-visibility":"","ast-main-header-display":"","ast-hfb-above-header-display":"","ast-hfb-below-header-display":"","ast-hfb-mobile-header-display":"","site-post-title":"","ast-breadcrumbs-content":"","ast-featured-img":"","footer-sml-layout":"","ast-disable-related-posts":"","theme-transparent-header-meta":"default","adv-header-id-meta":"","stick-header-meta":"","header-above-stick-meta":"","header-main-stick-meta":"","header-below-stick-meta":"","astra-migrate-meta-layouts":"set","ast-page-background-enabled":"default","ast-page-background-meta":{"desktop":{"background-color":"var(--ast-global-color-5)","background-image":"","background-repeat":"repeat","background-position":"center center","background-size":"auto","background-attachment":"scroll","background-type":"","background-media":"","overlay-type":"","overlay-color":"","overlay-opacity":"","overlay-gradient":""},"tablet":{"background-color":"","background-image":"","background-repeat":"repeat","background-position":"center center","background-size":"auto","background-attachment":"scroll","background-type":"","background-media":"","overlay-type":"","overlay-color":"","overlay-opacity":"","overlay-gradient":""},"mobile":{"background-color":"","background-image":"","background-repeat":"repeat","background-position":"center center","background-size":"auto","background-attachment":"scroll","background-type":"","background-media":"","overlay-type":"","overlay-color":"","overlay-opacity":"","overlay-gradient":""}},"ast-content-background-meta":{"desktop":{"background-color":"var(--ast-global-color-4)","background-image":"","background-repeat":"repeat","background-position":"center center","background-size":"auto","background-attachment":"scroll","background-type":"","background-media":"","overlay-type":"","overlay-color":"","overlay-opacity":"","overlay-gradient":""},"tablet":{"background-color":"var(--ast-global-color-4)","background-image":"","background-repeat":"repeat","background-position":"center center","background-size":"auto","background-attachment":"scroll","background-type":"","background-media":"","overlay-type":"","overlay-color":"","overlay-opacity":"","overlay-gradient":""},"mobile":{"background-color":"var(--ast-global-color-4)","background-image":"","background-repeat":"repeat","background-position":"center center","background-size":"auto","background-attachment":"scroll","background-type":"","background-media":"","overlay-type":"","overlay-color":"","overlay-opacity":"","overlay-gradient":""}}},"product_brand":[],"product_cat":[21],"product_tag":[27],"class_list":{"0":"post-388","1":"product","2":"type-product","3":"status-publish","4":"has-post-thumbnail","6":"product_cat-gaming","7":"product_tag-wallpaper","8":"desktop-align-left","9":"tablet-align-left","10":"mobile-align-left","12":"first","13":"instock","14":"downloadable","15":"virtual","16":"taxable","17":"purchasable","18":"product-type-simple"},"_links":{"self":[{"href":"https:\/\/franciscojaviercarceles.fpcei.eu\/index.php?rest_route=\/wp\/v2\/product\/388","targetHints":{"allow":["GET"]}}],"collection":[{"href":"https:\/\/franciscojaviercarceles.fpcei.eu\/index.php?rest_route=\/wp\/v2\/product"}],"about":[{"href":"https:\/\/franciscojaviercarceles.fpcei.eu\/index.php?rest_route=\/wp\/v2\/types\/product"}],"replies":[{"embeddable":true,"href":"https:\/\/franciscojaviercarceles.fpcei.eu\/index.php?rest_route=%2Fwp%2Fv2%2Fcomments&post=388"}],"wp:featuredmedia":[{"embeddable":true,"href":"https:\/\/franciscojaviercarceles.fpcei.eu\/index.php?rest_route=\/wp\/v2\/media\/389"}],"wp:attachment":[{"href":"https:\/\/franciscojaviercarceles.fpcei.eu\/index.php?rest_route=%2Fwp%2Fv2%2Fmedia&parent=388"}],"wp:term":[{"taxonomy":"product_brand","embeddable":true,"href":"https:\/\/franciscojaviercarceles.fpcei.eu\/index.php?rest_route=%2Fwp%2Fv2%2Fproduct_brand&post=388"},{"taxonomy":"product_cat","embeddable":true,"href":"https:\/\/franciscojaviercarceles.fpcei.eu\/index.php?rest_route=%2Fwp%2Fv2%2Fproduct_cat&post=388"},{"taxonomy":"product_tag","embeddable":true,"href":"https:\/\/franciscojaviercarceles.fpcei.eu\/index.php?rest_route=%2Fwp%2Fv2%2Fproduct_tag&post=388"}],"curies":[{"name":"wp","href":"https:\/\/api.w.org\/{rel}","templated":true}]}}