{"id":324,"date":"2026-01-20T10:54:09","date_gmt":"2026-01-20T10:54:09","guid":{"rendered":"https:\/\/franciscojaviercarceles.fpcei.eu\/?post_type=product&#038;p=324"},"modified":"2026-01-27T09:53:28","modified_gmt":"2026-01-27T09:53:28","slug":"camiseta-gamerhub","status":"publish","type":"product","link":"https:\/\/franciscojaviercarceles.fpcei.eu\/?product=camiseta-gamerhub","title":{"rendered":"Camiseta GamerHub (IVA 21%)"},"content":{"rendered":"<p data-start=\"193\" data-end=\"554\">Expr\u00e9sate como un aut\u00e9ntico gamer con la <strong data-start=\"234\" data-end=\"255\">Camiseta GamerHub<\/strong>, una prenda dise\u00f1ada para quienes viven el gaming dentro y fuera de la pantalla. Su potente dise\u00f1o frontal presenta el ic\u00f3nico mando GamerHub con los botones <strong data-start=\"414\" data-end=\"427\">G en rojo<\/strong> y <strong data-start=\"430\" data-end=\"443\">H en azul<\/strong>, acompa\u00f1ado de un fondo energ\u00e9tico en degradado rojo\u2013azul que transmite fuerza, competitividad y personalidad.<\/p>\n<p data-start=\"556\" data-end=\"851\">Confeccionada en <strong data-start=\"573\" data-end=\"600\">algod\u00f3n de alta calidad<\/strong>, ofrece un tacto suave, gran transpirabilidad y un ajuste c\u00f3modo, ideal tanto para largas sesiones de juego como para el d\u00eda a d\u00eda. El estampado de alta definici\u00f3n garantiza colores vivos y duraderos, manteniendo el dise\u00f1o intacto lavado tras lavado.<\/p>\n","protected":false},"excerpt":{"rendered":"<p>Camiseta para fardar de pertenecer a la mejor comunidad gaming.<\/p>\n","protected":false},"featured_media":325,"comment_status":"open","ping_status":"closed","template":"","meta":{"site-sidebar-layout":"default","site-content-layout":"","ast-site-content-layout":"default","site-content-style":"default","site-sidebar-style":"default","ast-global-header-display":"","ast-banner-title-visibility":"","ast-main-header-display":"","ast-hfb-above-header-display":"","ast-hfb-below-header-display":"","ast-hfb-mobile-header-display":"","site-post-title":"","ast-breadcrumbs-content":"","ast-featured-img":"","footer-sml-layout":"","ast-disable-related-posts":"","theme-transparent-header-meta":"default","adv-header-id-meta":"","stick-header-meta":"","header-above-stick-meta":"","header-main-stick-meta":"","header-below-stick-meta":"","astra-migrate-meta-layouts":"set","ast-page-background-enabled":"default","ast-page-background-meta":{"desktop":{"background-color":"var(--ast-global-color-5)","background-image":"","background-repeat":"repeat","background-position":"center center","background-size":"auto","background-attachment":"scroll","background-type":"","background-media":"","overlay-type":"","overlay-color":"","overlay-opacity":"","overlay-gradient":""},"tablet":{"background-color":"","background-image":"","background-repeat":"repeat","background-position":"center center","background-size":"auto","background-attachment":"scroll","background-type":"","background-media":"","overlay-type":"","overlay-color":"","overlay-opacity":"","overlay-gradient":""},"mobile":{"background-color":"","background-image":"","background-repeat":"repeat","background-position":"center center","background-size":"auto","background-attachment":"scroll","background-type":"","background-media":"","overlay-type":"","overlay-color":"","overlay-opacity":"","overlay-gradient":""}},"ast-content-background-meta":{"desktop":{"background-color":"var(--ast-global-color-4)","background-image":"","background-repeat":"repeat","background-position":"center center","background-size":"auto","background-attachment":"scroll","background-type":"","background-media":"","overlay-type":"","overlay-color":"","overlay-opacity":"","overlay-gradient":""},"tablet":{"background-color":"var(--ast-global-color-4)","background-image":"","background-repeat":"repeat","background-position":"center center","background-size":"auto","background-attachment":"scroll","background-type":"","background-media":"","overlay-type":"","overlay-color":"","overlay-opacity":"","overlay-gradient":""},"mobile":{"background-color":"var(--ast-global-color-4)","background-image":"","background-repeat":"repeat","background-position":"center center","background-size":"auto","background-attachment":"scroll","background-type":"","background-media":"","overlay-type":"","overlay-color":"","overlay-opacity":"","overlay-gradient":""}}},"product_brand":[],"product_cat":[26],"product_tag":[],"class_list":{"0":"post-324","1":"product","2":"type-product","3":"status-publish","4":"has-post-thumbnail","6":"product_cat-ropa","7":"desktop-align-left","8":"tablet-align-left","9":"mobile-align-left","11":"first","12":"instock","13":"sale","14":"taxable","15":"shipping-taxable","16":"purchasable","17":"product-type-variable"},"_links":{"self":[{"href":"https:\/\/franciscojaviercarceles.fpcei.eu\/index.php?rest_route=\/wp\/v2\/product\/324","targetHints":{"allow":["GET"]}}],"collection":[{"href":"https:\/\/franciscojaviercarceles.fpcei.eu\/index.php?rest_route=\/wp\/v2\/product"}],"about":[{"href":"https:\/\/franciscojaviercarceles.fpcei.eu\/index.php?rest_route=\/wp\/v2\/types\/product"}],"replies":[{"embeddable":true,"href":"https:\/\/franciscojaviercarceles.fpcei.eu\/index.php?rest_route=%2Fwp%2Fv2%2Fcomments&post=324"}],"wp:featuredmedia":[{"embeddable":true,"href":"https:\/\/franciscojaviercarceles.fpcei.eu\/index.php?rest_route=\/wp\/v2\/media\/325"}],"wp:attachment":[{"href":"https:\/\/franciscojaviercarceles.fpcei.eu\/index.php?rest_route=%2Fwp%2Fv2%2Fmedia&parent=324"}],"wp:term":[{"taxonomy":"product_brand","embeddable":true,"href":"https:\/\/franciscojaviercarceles.fpcei.eu\/index.php?rest_route=%2Fwp%2Fv2%2Fproduct_brand&post=324"},{"taxonomy":"product_cat","embeddable":true,"href":"https:\/\/franciscojaviercarceles.fpcei.eu\/index.php?rest_route=%2Fwp%2Fv2%2Fproduct_cat&post=324"},{"taxonomy":"product_tag","embeddable":true,"href":"https:\/\/franciscojaviercarceles.fpcei.eu\/index.php?rest_route=%2Fwp%2Fv2%2Fproduct_tag&post=324"}],"curies":[{"name":"wp","href":"https:\/\/api.w.org\/{rel}","templated":true}]}}