{"id":46,"date":"2026-01-08T15:49:13","date_gmt":"2026-01-08T15:49:13","guid":{"rendered":"https:\/\/franciscojaviercarceles.fpcei.eu\/?page_id=46"},"modified":"2026-01-29T11:08:38","modified_gmt":"2026-01-29T11:08:38","slug":"rss-2","status":"publish","type":"page","link":"https:\/\/franciscojaviercarceles.fpcei.eu\/?page_id=46","title":{"rendered":"Mejora"},"content":{"rendered":"\n<p class=\"has-ast-global-color-4-color has-text-color has-link-color wp-elements-6d5ef7454d23a42fe67822d9437e9ea5\" style=\"border-top-left-radius:40px;border-top-right-radius:40px;border-bottom-left-radius:40px;border-bottom-right-radius:40px;font-size:25px\">\u00a1Desde <strong>Gamerhub<\/strong>, ayudamos a nuestra comunidad a mejorar en sus videojuegos favoritos a trav\u00e9s de video tutoriales explicativos, encuentra el tuyo y rompe los servidores!<\/p>\n\n\n\n<figure class=\"wp-block-image aligncenter size-full is-resized\"><img loading=\"lazy\" decoding=\"async\" width=\"300\" height=\"168\" src=\"https:\/\/franciscojaviercarceles.fpcei.eu\/wp-content\/uploads\/2026\/01\/rocket.jpg\" alt=\"\" class=\"wp-image-66\" style=\"aspect-ratio:1.785759111754767;width:421px;height:auto\"\/><\/figure>\n\n\n\n<p class=\"has-white-color has-text-color has-link-color wp-elements-15d0d3ce730a6b02d12c8583fb43257d\" style=\"border-top-left-radius:40px;border-top-right-radius:40px;border-bottom-left-radius:40px;border-bottom-right-radius:40px;font-size:25px\"><strong>Mec\u00e1nicas<\/strong><\/p>\n\n\n\n<ul class=\"wp-block-list\">\n<li class=\"has-ast-global-color-4-color has-text-color has-link-color wp-elements-468b1061dcb41fdf812f65e4f18eeca8\" style=\"font-size:20px\"><strong>Double touch: <\/strong><a href=\"https:\/\/youtu.be\/RCUn6mr75kU?si=jXVBfmJoVDNk6gIP\">https:\/\/youtu.be\/RCUn6mr75kU?si=jXVBfmJoVDNk6gIP<\/a><\/li>\n\n\n\n<li class=\"has-ast-global-color-4-color has-text-color has-link-color wp-elements-49bed8bfcdbd0733c8050b0115344109\" style=\"font-size:20px\"><strong>Flip reset:<\/strong> <a href=\"https:\/\/youtu.be\/BDEHTzwZR1Y?si=RI51ssOjPnOIqerw\">https:\/\/youtu.be\/BDEHTzwZR1Y?si=RI51ssOjPnOIqerw<\/a><\/li>\n\n\n\n<li class=\"has-ast-global-color-4-color has-text-color has-link-color wp-elements-c9c400b7326a97a6730898dc8021c975\" style=\"font-size:20px\"><strong>Pinch: <\/strong><a href=\"https:\/\/youtu.be\/A8a0JW0V8KQ?si=Ogxy4cKvayuQx898\">https:\/\/youtu.be\/A8a0JW0V8KQ?si=Ogxy4cKvayuQx898<\/a><\/li>\n\n\n\n<li style=\"font-size:20px\"><strong>Air dribling:<\/strong> <a href=\"https:\/\/youtu.be\/xHeRy_TGJns?si=8RpKDwWoijQW7_dK\">https:\/\/youtu.be\/xHeRy_TGJns?si=8RpKDwWoijQW7_dK<\/a><\/li>\n<\/ul>\n\n\n\n<p class=\"has-ast-global-color-4-color has-text-color has-link-color wp-elements-37d302699bd2a4879b8ec75a81804197\" style=\"border-top-left-radius:40px;border-top-right-radius:40px;border-bottom-left-radius:40px;border-bottom-right-radius:40px;font-size:25px\"><\/p>\n\n\n\n<figure class=\"wp-block-image aligncenter size-full is-resized\"><img loading=\"lazy\" decoding=\"async\" width=\"300\" height=\"168\" src=\"https:\/\/franciscojaviercarceles.fpcei.eu\/wp-content\/uploads\/2026\/01\/fortnute.jpg\" alt=\"\" class=\"wp-image-67\" style=\"aspect-ratio:1.785860422823369;width:413px;height:auto\"\/><\/figure>\n\n\n\n<p class=\"has-ast-global-color-4-color has-text-color has-link-color wp-elements-15506dea235fcf91df5b4d2b17dee8af\" style=\"border-top-left-radius:40px;border-top-right-radius:40px;border-bottom-left-radius:40px;border-bottom-right-radius:40px;font-size:25px\"><strong>Controles optimizados<\/strong><\/p>\n\n\n\n<ul style=\"font-size:20px\" class=\"wp-block-list\">\n<li class=\"has-ast-global-color-4-color has-text-color has-link-color wp-elements-2a4c1bcc389dfbf5df770a967a2c867e\" style=\"font-size:20px\"><strong>Mando:<\/strong> <a href=\"https:\/\/youtu.be\/-XA_yhHr07g?si=JfFnoWmkejgd5McO\">https:\/\/youtu.be\/-XA_yhHr07g?si=JfFnoWmkejgd5McO<\/a><\/li>\n\n\n\n<li class=\"has-ast-global-color-4-color has-text-color has-link-color wp-elements-05a20f1aaea5b9a0576d8f698e81d24d\" style=\"font-size:20px\"><strong>Teclado:<\/strong> <a href=\"https:\/\/youtu.be\/HwwT3P2eoQk?si=FJteQ5T3BA45CHvD\">https:\/\/youtu.be\/HwwT3P2eoQk?si=FJteQ5T3BA45CHvD<\/a><\/li>\n\n\n\n<li class=\"has-ast-global-color-4-color has-text-color has-link-color wp-elements-9a5ab298c4027fac960cd7139407570b\" style=\"font-size:20px\"><strong>Pantallas:<\/strong> <a href=\"https:\/\/youtu.be\/7oHODCERwuQ?si=UsodmpHrcFlBIkZ4\">https:\/\/youtu.be\/7oHODCERwuQ?si=UsodmpHrcFlBIkZ4<\/a><\/li>\n<\/ul>\n\n\n\n<p class=\"has-ast-global-color-4-color has-text-color has-link-color wp-elements-d5d8babed67847cd527c277ef42a6453\" style=\"border-top-left-radius:40px;border-top-right-radius:40px;border-bottom-left-radius:40px;border-bottom-right-radius:40px;font-size:25px\"><strong>Mapas de construcci\u00f3n<\/strong><\/p>\n\n\n\n<ul style=\"font-size:20px\" class=\"wp-block-list\">\n<li class=\"has-ast-global-color-4-color has-text-color has-link-color wp-elements-2f6e84386cda85703df4cc5594650ad7\"><strong>B\u00e1sica:<\/strong> <a href=\"https:\/\/youtu.be\/QJr7A3DJ4j8?si=5IrgDx1lNqPhUij7\">https:\/\/youtu.be\/QJr7A3DJ4j8?si=5IrgDx1lNqPhUij7<\/a><\/li>\n\n\n\n<li class=\"has-ast-global-color-4-color has-text-color has-link-color wp-elements-7d7bff2d90c59f9e667bddb5788b285e\"><strong>Avanzada:<\/strong> <a href=\"https:\/\/youtu.be\/XBh5STyZ24I?si=B4vzKyfJgS4zpMX7\">https:\/\/youtu.be\/XBh5STyZ24I?si=B4vzKyfJgS4zpMX7<\/a><\/li>\n\n\n\n<li class=\"has-ast-global-color-4-color has-text-color has-link-color wp-elements-38c4635807e26dd7ed426fb588fc2c1f\"><strong>Profesional:<\/strong> <a href=\"https:\/\/youtu.be\/wlkK4Z_VpaM?si=EVpcu6kR-wmsTI8C\">https:\/\/youtu.be\/wlkK4Z_VpaM?si=EVpcu6kR-wmsTI8C<\/a><\/li>\n<\/ul>\n\n\n\n<p style=\"font-size:25px\">\u00bfQuieres v\u00e9r recomendaciones sobre alguna mec\u00e1nica en espec\u00edfico o tu t\u00edtulo favorito? Haznoslo saber a\u00f1adiendo un comentario en el apartado de recomendaciones. Gracias a ti esto mejora. \u00c1nimo jugador.<\/p>\n\n\n\n<p><\/p>\n","protected":false},"excerpt":{"rendered":"<p>\u00a1Desde Gamerhub, ayudamos a nuestra comunidad a mejorar en sus videojuegos favoritos a trav\u00e9s de video tutoriales explicativos, encuentra el [&hellip;]<\/p>\n","protected":false},"author":4,"featured_media":0,"parent":0,"menu_order":0,"comment_status":"closed","ping_status":"closed","template":"","meta":{"site-sidebar-layout":"default","site-content-layout":"","ast-site-content-layout":"default","site-content-style":"default","site-sidebar-style":"default","ast-global-header-display":"","ast-banner-title-visibility":"","ast-main-header-display":"","ast-hfb-above-header-display":"","ast-hfb-below-header-display":"","ast-hfb-mobile-header-display":"","site-post-title":"","ast-breadcrumbs-content":"","ast-featured-img":"","footer-sml-layout":"","ast-disable-related-posts":"","theme-transparent-header-meta":"","adv-header-id-meta":"","stick-header-meta":"","header-above-stick-meta":"","header-main-stick-meta":"","header-below-stick-meta":"","astra-migrate-meta-layouts":"default","ast-page-background-enabled":"default","ast-page-background-meta":{"desktop":{"background-color":"var(--ast-global-color-5)","background-image":"","background-repeat":"repeat","background-position":"center center","background-size":"auto","background-attachment":"scroll","background-type":"","background-media":"","overlay-type":"","overlay-color":"","overlay-opacity":"","overlay-gradient":""},"tablet":{"background-color":"","background-image":"","background-repeat":"repeat","background-position":"center center","background-size":"auto","background-attachment":"scroll","background-type":"","background-media":"","overlay-type":"","overlay-color":"","overlay-opacity":"","overlay-gradient":""},"mobile":{"background-color":"","background-image":"","background-repeat":"repeat","background-position":"center center","background-size":"auto","background-attachment":"scroll","background-type":"","background-media":"","overlay-type":"","overlay-color":"","overlay-opacity":"","overlay-gradient":""}},"ast-content-background-meta":{"desktop":{"background-color":"var(--ast-global-color-4)","background-image":"","background-repeat":"repeat","background-position":"center center","background-size":"auto","background-attachment":"scroll","background-type":"","background-media":"","overlay-type":"","overlay-color":"","overlay-opacity":"","overlay-gradient":""},"tablet":{"background-color":"var(--ast-global-color-4)","background-image":"","background-repeat":"repeat","background-position":"center center","background-size":"auto","background-attachment":"scroll","background-type":"","background-media":"","overlay-type":"","overlay-color":"","overlay-opacity":"","overlay-gradient":""},"mobile":{"background-color":"var(--ast-global-color-4)","background-image":"","background-repeat":"repeat","background-position":"center center","background-size":"auto","background-attachment":"scroll","background-type":"","background-media":"","overlay-type":"","overlay-color":"","overlay-opacity":"","overlay-gradient":""}},"footnotes":""},"class_list":["post-46","page","type-page","status-publish","hentry"],"_links":{"self":[{"href":"https:\/\/franciscojaviercarceles.fpcei.eu\/index.php?rest_route=\/wp\/v2\/pages\/46","targetHints":{"allow":["GET"]}}],"collection":[{"href":"https:\/\/franciscojaviercarceles.fpcei.eu\/index.php?rest_route=\/wp\/v2\/pages"}],"about":[{"href":"https:\/\/franciscojaviercarceles.fpcei.eu\/index.php?rest_route=\/wp\/v2\/types\/page"}],"author":[{"embeddable":true,"href":"https:\/\/franciscojaviercarceles.fpcei.eu\/index.php?rest_route=\/wp\/v2\/users\/4"}],"replies":[{"embeddable":true,"href":"https:\/\/franciscojaviercarceles.fpcei.eu\/index.php?rest_route=%2Fwp%2Fv2%2Fcomments&post=46"}],"version-history":[{"count":12,"href":"https:\/\/franciscojaviercarceles.fpcei.eu\/index.php?rest_route=\/wp\/v2\/pages\/46\/revisions"}],"predecessor-version":[{"id":513,"href":"https:\/\/franciscojaviercarceles.fpcei.eu\/index.php?rest_route=\/wp\/v2\/pages\/46\/revisions\/513"}],"wp:attachment":[{"href":"https:\/\/franciscojaviercarceles.fpcei.eu\/index.php?rest_route=%2Fwp%2Fv2%2Fmedia&parent=46"}],"curies":[{"name":"wp","href":"https:\/\/api.w.org\/{rel}","templated":true}]}}