{"id":117,"date":"2026-01-09T12:38:24","date_gmt":"2026-01-09T12:38:24","guid":{"rendered":"https:\/\/franciscojaviercarceles.fpcei.eu\/?page_id=117"},"modified":"2026-01-29T11:12:33","modified_gmt":"2026-01-29T11:12:33","slug":"rss-3","status":"publish","type":"page","link":"https:\/\/franciscojaviercarceles.fpcei.eu\/?page_id=117","title":{"rendered":"RSS"},"content":{"rendered":"\n<p class=\"has-ast-global-color-4-color has-text-color has-link-color wp-elements-2033b5d9d7bb5f20dd00ab199575ccff\" style=\"font-size:25px\">Descubre las noticias m\u00e1s explosivas de tus videojuegos favoritos.<\/p>\n\n\n<ul class=\"is-grid columns-2 has-dates has-authors has-excerpts wp-elements-459c8f5c93e6bf2ce67adcd2dec18d5b wp-block-rss\"><li class='wp-block-rss__item'><div class='wp-block-rss__item-title'><a href='https:\/\/news.xbox.com\/es-latam\/2026\/04\/17\/la-proxima-semana-en-xbox-nuevos-juegos-del-20-al-24-de-abril\/' target=\"_blank\">La pr\u00f3xima semana en Xbox: nuevos juegos del 20 al 24 de abril<\/a><\/div><time datetime=\"2026-04-17T20:31:46+00:00\" class=\"wp-block-rss__item-publish-date\">abril 17, 2026<\/time> <span class=\"wp-block-rss__item-author\">por jaimepayan<\/span><div class=\"wp-block-rss__item-excerpt\">The post La pr\u00f3xima semana en Xbox: nuevos juegos del 20 al 24 de abril appeared first on Xbox Wire en Espa\u00f1ol.<\/div><\/li><li class='wp-block-rss__item'><div class='wp-block-rss__item-title'><a href='https:\/\/news.xbox.com\/es-latam\/2026\/04\/16\/xbox-first-look-metro-2039-todo-lo-que-aprendimos-hoy-en-esta-transmision\/' target=\"_blank\">Xbox First Look: Metro 2039 \u2013 Todo lo que aprendimos hoy en esta transmisi\u00f3n<\/a><\/div><time datetime=\"2026-04-16T19:07:18+00:00\" class=\"wp-block-rss__item-publish-date\">abril 16, 2026<\/time> <span class=\"wp-block-rss__item-author\">por jaimepayan<\/span><div class=\"wp-block-rss__item-excerpt\">The post Xbox First Look: Metro 2039 \u2013 Todo lo que aprendimos hoy en esta transmisi\u00f3n appeared first on Xbox Wire en Espa\u00f1ol.<\/div><\/li><li class='wp-block-rss__item'><div class='wp-block-rss__item-title'><a href='https:\/\/news.xbox.com\/es-latam\/2026\/04\/16\/dias-de-juego-gratis-football-manager-console-26-y-south-park-snow-day\/' target=\"_blank\">D\u00edas de juego gratis: Football Manager Console 26 y South Park: Snow Day!<\/a><\/div><time datetime=\"2026-04-16T17:10:52+00:00\" class=\"wp-block-rss__item-publish-date\">abril 16, 2026<\/time> <span class=\"wp-block-rss__item-author\">por jaimepayan<\/span><div class=\"wp-block-rss__item-excerpt\">The post D\u00edas de juego gratis: Football Manager Console 26 y South Park: Snow Day! appeared first on Xbox Wire en Espa\u00f1ol.<\/div><\/li><li class='wp-block-rss__item'><div class='wp-block-rss__item-title'><a href='https:\/\/news.xbox.com\/es-latam\/2026\/04\/13\/sintoniza-este-jueves-xbox-first-look-metro-2039\/' target=\"_blank\">Sintoniza este jueves Xbox First Look: Metro 2039<\/a><\/div><time datetime=\"2026-04-13T17:46:43+00:00\" class=\"wp-block-rss__item-publish-date\">abril 13, 2026<\/time> <span class=\"wp-block-rss__item-author\">por jaimepayan<\/span><div class=\"wp-block-rss__item-excerpt\">The post Sintoniza este jueves Xbox First Look: Metro 2039 appeared first on Xbox Wire en Espa\u00f1ol.<\/div><\/li><li class='wp-block-rss__item'><div class='wp-block-rss__item-title'><a href='https:\/\/news.xbox.com\/es-latam\/2026\/04\/09\/dias-de-juego-gratis-subnautica-one-piece-pirate-warriors-4-project-motor-racing-y-graveyard-keeper\/' target=\"_blank\">D\u00edas de juego gratis: Subnautica, One Piece: Pirate Warriors 4, Project Motor Racing y Graveyard Keeper<\/a><\/div><time datetime=\"2026-04-09T18:46:32+00:00\" class=\"wp-block-rss__item-publish-date\">abril 9, 2026<\/time> <span class=\"wp-block-rss__item-author\">por jaimepayan<\/span><div class=\"wp-block-rss__item-excerpt\">The post D\u00edas de juego gratis: Subnautica, One Piece: Pirate Warriors 4, Project Motor Racing y Graveyard Keeper appeared first on Xbox Wire en Espa\u00f1ol.<\/div><\/li><li class='wp-block-rss__item'><div class='wp-block-rss__item-title'><a href='https:\/\/news.xbox.com\/es-latam\/2026\/04\/09\/kiln-double-fine-comparte-sus-vasijas-favoritas-mientras-la-beta-abierta-ya-esta-disponible\/' target=\"_blank\">Kiln: Double Fine comparte sus vasijas favoritas mientras la beta abierta ya est\u00e1 disponible<\/a><\/div><time datetime=\"2026-04-09T18:28:07+00:00\" class=\"wp-block-rss__item-publish-date\">abril 9, 2026<\/time> <span class=\"wp-block-rss__item-author\">por jaimepayan<\/span><div class=\"wp-block-rss__item-excerpt\">The post Kiln: Double Fine comparte sus vasijas favoritas mientras la beta abierta ya est\u00e1 disponible appeared first on Xbox Wire en Espa\u00f1ol.<\/div><\/li><li class='wp-block-rss__item'><div class='wp-block-rss__item-title'><a href='https:\/\/news.xbox.com\/es-latam\/2026\/04\/08\/vista-previa-de-forza-horizon-6-los-coleccionables-las-carreras-fluidas-y-el-diseno-de-mundo-abierto-hacen-de-esta-la-aventura-mas-explorable-hasta-ahora\/' target=\"_blank\">Vista previa de Forza Horizon 6: los coleccionables, las carreras fluidas y el dise\u00f1o de mundo abierto hacen de esta la aventura m\u00e1s explorable hasta ahora<\/a><\/div><time datetime=\"2026-04-08T18:58:46+00:00\" class=\"wp-block-rss__item-publish-date\">abril 8, 2026<\/time> <span class=\"wp-block-rss__item-author\">por jaimepayan<\/span><div class=\"wp-block-rss__item-excerpt\">The post Vista previa de Forza Horizon 6: los coleccionables, las carreras fluidas y el dise\u00f1o de mundo abierto hacen de esta la aventura m\u00e1s explorable hasta ahora appeared first on Xbox Wire en Espa\u00f1ol.<\/div><\/li><li class='wp-block-rss__item'><div class='wp-block-rss__item-title'><a href='https:\/\/news.xbox.com\/es-latam\/2026\/04\/07\/proximamente-en-xbox-game-pass-kiln-hades-ii-vampire-crawlers-y-mas\/' target=\"_blank\">Pr\u00f3ximamente en Xbox Game Pass: Kiln, Hades II, Vampire Crawlers y m\u00e1s<\/a><\/div><time datetime=\"2026-04-07T16:24:53+00:00\" class=\"wp-block-rss__item-publish-date\">abril 7, 2026<\/time> <span class=\"wp-block-rss__item-author\">por jaimepayan<\/span><div class=\"wp-block-rss__item-excerpt\">The post Pr\u00f3ximamente en Xbox Game Pass: Kiln, Hades II, Vampire Crawlers y m\u00e1s appeared first on Xbox Wire en Espa\u00f1ol.<\/div><\/li><li class='wp-block-rss__item'><div class='wp-block-rss__item-title'><a href='https:\/\/news.xbox.com\/es-latam\/2026\/04\/06\/la-proxima-semana-en-xbox-nuevos-juegos-del-6-al-10-de-abril\/' target=\"_blank\">La pr\u00f3xima semana en Xbox: nuevos juegos del 6 al 10 de abril<\/a><\/div><time datetime=\"2026-04-06T16:51:44+00:00\" class=\"wp-block-rss__item-publish-date\">abril 6, 2026<\/time> <span class=\"wp-block-rss__item-author\">por jaimepayan<\/span><div class=\"wp-block-rss__item-excerpt\">The post La pr\u00f3xima semana en Xbox: nuevos juegos del 6 al 10 de abril appeared first on Xbox Wire en Espa\u00f1ol.<\/div><\/li><li class='wp-block-rss__item'><div class='wp-block-rss__item-title'><a href='https:\/\/news.xbox.com\/es-latam\/2026\/04\/02\/xbox-fanfest-se-va-de-gira-para-celebrar-el-25-o-aniversario\/' target=\"_blank\">Xbox FanFest: se va de gira para celebrar el 25.\u00ba aniversario<\/a><\/div><time datetime=\"2026-04-02T15:16:58+00:00\" class=\"wp-block-rss__item-publish-date\">abril 2, 2026<\/time> <span class=\"wp-block-rss__item-author\">por jaimepayan<\/span><div class=\"wp-block-rss__item-excerpt\">The post Xbox FanFest: se va de gira para celebrar el 25.\u00ba aniversario appeared first on Xbox Wire en Espa\u00f1ol.<\/div><\/li><\/ul>","protected":false},"excerpt":{"rendered":"<p>Descubre las noticias m\u00e1s explosivas de tus videojuegos favoritos.<\/p>\n","protected":false},"author":4,"featured_media":0,"parent":0,"menu_order":0,"comment_status":"closed","ping_status":"closed","template":"","meta":{"site-sidebar-layout":"default","site-content-layout":"","ast-site-content-layout":"default","site-content-style":"default","site-sidebar-style":"default","ast-global-header-display":"","ast-banner-title-visibility":"","ast-main-header-display":"","ast-hfb-above-header-display":"","ast-hfb-below-header-display":"","ast-hfb-mobile-header-display":"","site-post-title":"","ast-breadcrumbs-content":"","ast-featured-img":"","footer-sml-layout":"","ast-disable-related-posts":"","theme-transparent-header-meta":"","adv-header-id-meta":"","stick-header-meta":"","header-above-stick-meta":"","header-main-stick-meta":"","header-below-stick-meta":"","astra-migrate-meta-layouts":"default","ast-page-background-enabled":"default","ast-page-background-meta":{"desktop":{"background-color":"var(--ast-global-color-5)","background-image":"","background-repeat":"repeat","background-position":"center center","background-size":"auto","background-attachment":"scroll","background-type":"","background-media":"","overlay-type":"","overlay-color":"","overlay-opacity":"","overlay-gradient":""},"tablet":{"background-color":"","background-image":"","background-repeat":"repeat","background-position":"center center","background-size":"auto","background-attachment":"scroll","background-type":"","background-media":"","overlay-type":"","overlay-color":"","overlay-opacity":"","overlay-gradient":""},"mobile":{"background-color":"","background-image":"","background-repeat":"repeat","background-position":"center center","background-size":"auto","background-attachment":"scroll","background-type":"","background-media":"","overlay-type":"","overlay-color":"","overlay-opacity":"","overlay-gradient":""}},"ast-content-background-meta":{"desktop":{"background-color":"var(--ast-global-color-4)","background-image":"","background-repeat":"repeat","background-position":"center center","background-size":"auto","background-attachment":"scroll","background-type":"","background-media":"","overlay-type":"","overlay-color":"","overlay-opacity":"","overlay-gradient":""},"tablet":{"background-color":"var(--ast-global-color-4)","background-image":"","background-repeat":"repeat","background-position":"center center","background-size":"auto","background-attachment":"scroll","background-type":"","background-media":"","overlay-type":"","overlay-color":"","overlay-opacity":"","overlay-gradient":""},"mobile":{"background-color":"var(--ast-global-color-4)","background-image":"","background-repeat":"repeat","background-position":"center center","background-size":"auto","background-attachment":"scroll","background-type":"","background-media":"","overlay-type":"","overlay-color":"","overlay-opacity":"","overlay-gradient":""}},"footnotes":""},"class_list":["post-117","page","type-page","status-publish","hentry"],"_links":{"self":[{"href":"https:\/\/franciscojaviercarceles.fpcei.eu\/index.php?rest_route=\/wp\/v2\/pages\/117","targetHints":{"allow":["GET"]}}],"collection":[{"href":"https:\/\/franciscojaviercarceles.fpcei.eu\/index.php?rest_route=\/wp\/v2\/pages"}],"about":[{"href":"https:\/\/franciscojaviercarceles.fpcei.eu\/index.php?rest_route=\/wp\/v2\/types\/page"}],"author":[{"embeddable":true,"href":"https:\/\/franciscojaviercarceles.fpcei.eu\/index.php?rest_route=\/wp\/v2\/users\/4"}],"replies":[{"embeddable":true,"href":"https:\/\/franciscojaviercarceles.fpcei.eu\/index.php?rest_route=%2Fwp%2Fv2%2Fcomments&post=117"}],"version-history":[{"count":8,"href":"https:\/\/franciscojaviercarceles.fpcei.eu\/index.php?rest_route=\/wp\/v2\/pages\/117\/revisions"}],"predecessor-version":[{"id":518,"href":"https:\/\/franciscojaviercarceles.fpcei.eu\/index.php?rest_route=\/wp\/v2\/pages\/117\/revisions\/518"}],"wp:attachment":[{"href":"https:\/\/franciscojaviercarceles.fpcei.eu\/index.php?rest_route=%2Fwp%2Fv2%2Fmedia&parent=117"}],"curies":[{"name":"wp","href":"https:\/\/api.w.org\/{rel}","templated":true}]}}